{"id":10,"date":"2026-02-02T12:51:08","date_gmt":"2026-02-02T12:51:08","guid":{"rendered":"http:\/\/localhost:8080\/?page_id=10"},"modified":"2026-05-13T15:03:55","modified_gmt":"2026-05-13T15:03:55","slug":"vad-vi-gor","status":"publish","type":"page","link":"https:\/\/sambafa.se\/?page_id=10","title":{"rendered":"Vad vi g\u00f6r"},"content":{"rendered":"\n<div class=\"wp-block-group alignfull is-style-section-1 has-border-color has-base-border-color has-global-padding is-layout-constrained wp-block-group-is-layout-constrained is-style-section-1--1\" style=\"border-width:25px;margin-top:0;margin-bottom:0;padding-top:var(--wp--preset--spacing--80);padding-bottom:var(--wp--preset--spacing--80)\">\n<div class=\"wp-block-columns alignwide is-layout-flex wp-container-core-columns-is-layout-66fad18a wp-block-columns-is-layout-flex\">\n<div class=\"wp-block-column is-layout-flow wp-block-column-is-layout-flow\" style=\"padding-right:var(--wp--preset--spacing--50);flex-basis:45%\">\n<figure class=\"wp-block-image size-full\"><img loading=\"lazy\" decoding=\"async\" width=\"2560\" height=\"1779\" src=\"https:\/\/ny.sambafa.se\/wp-content\/uploads\/2026\/04\/4-scaled.jpg\" alt=\"\" class=\"wp-image-182\" srcset=\"https:\/\/sambafa.se\/wp-content\/uploads\/2026\/04\/4-scaled.jpg 2560w, https:\/\/sambafa.se\/wp-content\/uploads\/2026\/04\/4-300x209.jpg 300w, https:\/\/sambafa.se\/wp-content\/uploads\/2026\/04\/4-1024x712.jpg 1024w, https:\/\/sambafa.se\/wp-content\/uploads\/2026\/04\/4-768x534.jpg 768w, https:\/\/sambafa.se\/wp-content\/uploads\/2026\/04\/4-1536x1068.jpg 1536w, https:\/\/sambafa.se\/wp-content\/uploads\/2026\/04\/4-2048x1423.jpg 2048w\" sizes=\"auto, (max-width: 2560px) 100vw, 2560px\" \/><\/figure>\n\n\n\n<div class=\"wp-block-group has-global-padding is-layout-constrained wp-block-group-is-layout-constrained\" style=\"margin-top:-12vw\">\n<figure class=\"wp-block-image alignright size-full is-resized\" style=\"margin-right:-5vw;margin-left:-5vw\"><img loading=\"lazy\" decoding=\"async\" width=\"1536\" height=\"2048\" src=\"https:\/\/ny.sambafa.se\/wp-content\/uploads\/2026\/04\/forebilder-1536x2048-1.jpg\" alt=\"\" class=\"wp-image-183\" style=\"width:202px\" srcset=\"https:\/\/sambafa.se\/wp-content\/uploads\/2026\/04\/forebilder-1536x2048-1.jpg 1536w, https:\/\/sambafa.se\/wp-content\/uploads\/2026\/04\/forebilder-1536x2048-1-225x300.jpg 225w, https:\/\/sambafa.se\/wp-content\/uploads\/2026\/04\/forebilder-1536x2048-1-768x1024.jpg 768w, https:\/\/sambafa.se\/wp-content\/uploads\/2026\/04\/forebilder-1536x2048-1-1152x1536.jpg 1152w\" sizes=\"auto, (max-width: 1536px) 100vw, 1536px\" \/><\/figure>\n<\/div>\n<\/div>\n\n\n\n<div class=\"wp-block-column is-vertically-aligned-center is-layout-flow wp-block-column-is-layout-flow\" style=\"padding-right:0;padding-left:0;flex-basis:50%\">\n<div class=\"wp-block-group is-vertical is-layout-flex wp-container-core-group-is-layout-fe9cc265 wp-block-group-is-layout-flex\">\n<h2 class=\"wp-block-heading is-style-text-annotation has-base-color has-text-color has-link-color wp-elements-2ba49a50e18f6e685dc0f92e9d8a039d is-style-text-annotation--2\">Vad vi g\u00f6r<\/h2>\n<\/div>\n\n\n\n<p class=\"is-style-text-subtitle has-base-color has-text-color has-link-color wp-elements-02e342e322393fa8d4477e8d7a61239b is-style-text-subtitle--3\">Samba Football Academy l\u00e4r ut den vackra brasilianska fotbollen \u201dSambafotboll\u201d tillsammans med v\u00e4rdegrundsutbildningen Bonito Lifestyle.<\/p>\n\n\n\n<p class=\"is-style-text-subtitle has-base-color has-text-color has-link-color wp-elements-34f92c901a33c590e1efb3651dbb9fd4 is-style-text-subtitle--4\"><br>V\u00e5rt koncept f\u00f6renar det b\u00e4sta ur brasiliansk fotboll och kultur med modern idrottspsykologi och spelarutvecklingsteori. En Sambaspelare har som ledord: Kreativ, klok, modig och omt\u00e4nksam.<\/p>\n\n\n\n<p class=\"is-style-text-subtitle has-base-color has-text-color has-link-color wp-elements-bc9ba9c74de7e069735c66496ba73132 is-style-text-subtitle--5\"><\/p>\n<\/div>\n<\/div>\n<\/div>\n\n\n\n<div class=\"wp-block-group alignfull has-global-padding is-layout-constrained wp-block-group-is-layout-constrained\" style=\"margin-top:0;margin-bottom:0\">\n<div class=\"wp-block-group alignwide is-layout-flow wp-container-core-group-is-layout-d58a0413 wp-block-group-is-layout-flow\" style=\"padding-top:var(--wp--preset--spacing--50);padding-bottom:var(--wp--preset--spacing--50)\">\n<div class=\"wp-block-columns is-layout-flex wp-container-core-columns-is-layout-cbe57604 wp-block-columns-is-layout-flex\">\n<div class=\"wp-block-column is-layout-flow wp-block-column-is-layout-flow\">\n<div class=\"wp-block-group is-layout-flow wp-block-group-is-layout-flow\" style=\"border-top-color:var(--wp--preset--color--accent-6);border-top-width:1px;padding-top:var(--wp--preset--spacing--30);padding-bottom:var(--wp--preset--spacing--30)\">\n<h3 class=\"wp-block-heading\">Vad vi g\u00f6r<\/h3>\n\n\n\n<p>Samba Football Academy l\u00e4r ut den vackra brasilianska fotbollen \u201dSambafotboll\u201d tillsammans med v\u00e4rdegrundsutbildningen Bonito Lifestyle.<br><br>V\u00e5rt koncept f\u00f6renar det b\u00e4sta ur brasiliansk fotboll och kultur med modern idrottspsykologi och spelarutvecklingsteori. En Sambaspelare har som ledord: Kreativ, klok, modig och omt\u00e4nksam.<\/p>\n\n\n\n<p>Samba Football Academys utbildningskoncept \u00e4r skapat av Erik \u201dSamba\u201d Johansson f\u00f6redetta fotbollsspelare i Allsvenskan och Brasilien i samarbete med brasilianska elitspelare, tr\u00e4nare och socionomer.<\/p>\n\n\n\n<p>Vi anv\u00e4nder v\u00e5rt utbildningskoncept f\u00f6r att utveckla spelare, lag och fotbollsf\u00f6reningar men framf\u00f6r allt m\u00e4nniskan, stadsdelar och det svenska samh\u00e4llet. I samarbete med fotbollsf\u00f6reningar, skolor, kommuner och f\u00f6retag vill vi med Sambafotbollen bidra till b\u00e4ttre h\u00e4lsa och framtidstro f\u00f6r barn och unga utsatta omr\u00e5den.<\/p>\n\n\n\n<p>Skulle du vara intresserad av att f\u00f6rverkliga Sambafotbollen f\u00f6r barn och unga i en stadsdel? Eller kan bidra p\u00e5 n\u00e5got annat s\u00e4tt s\u00e5 \u00e4r du hj\u00e4rtligt v\u00e4lkommen att h\u00f6ra av dig.<\/p>\n\n\n\n<p>Se Samba FA:s lyckade samh\u00e4llsinsatser!<\/p>\n<\/div>\n<\/div>\n\n\n\n<div class=\"wp-block-column is-layout-flow wp-block-column-is-layout-flow\">\n<div class=\"wp-block-group is-layout-flow wp-block-group-is-layout-flow\" style=\"border-top-color:var(--wp--preset--color--accent-6);border-top-width:1px;padding-top:var(--wp--preset--spacing--30);padding-bottom:var(--wp--preset--spacing--30)\">\n<h3 class=\"wp-block-heading\">Bli en sambaspelare<\/h3>\n\n\n\n<p>En Sambaspelare \u00e4r:<br><br>KREATIV som Vinicius J\u00fanior<br>Anv\u00e4nd din kreativitet i livet. Str\u00e4va efter att g\u00f6ra saker p\u00e5 ett vackert och stilfullt s\u00e4tt. Hitta f\u00f6rebilder som du kan h\u00e4rma och \u00f6vertr\u00e4ffa.<br><br>KLOK som Rodrygo Goes<br>L\u00e4r dig av dina erfarenheter b\u00e5de i med- och motg\u00e5ng. Satsa p\u00e5 det du tycker om och kom ih\u00e5g att \u00f6vning ger f\u00e4rdighet. F\u00e5 blir professionella fotbollsspelare, men alla kan bli framg\u00e5ngsrika.<br><\/p>\n\n\n\n<p>MODIG som K\u00e1tia<br>T\u00e4nk positivt och tro p\u00e5 din f\u00f6rm\u00e5ga. K\u00e4mpa f\u00f6r det du tror p\u00e5 och ge aldrig upp. Du m\u00e5ste v\u00e5ga misslyckas f\u00f6r att lyckas. Ta ansvar f\u00f6r ditt liv, dina studier och ditt fotbollsspelande.<br><\/p>\n\n\n\n<p>OMT\u00c4NKSAM som Marta<br>Inspirera och sprid gl\u00e4dje bland v\u00e4nner och medm\u00e4nniskor. Var \u00e4rlig, hj\u00e4lpsam och st\u00f6ttande &#8211; sj\u00e4lvf\u00f6rtroendet v\u00e4xer i en positiv milj\u00f6.<\/p>\n\n\n\n<p>Ol\u00e9!<\/p>\n<\/div>\n<\/div>\n<\/div>\n<\/div>\n<\/div>\n\n\n\n<div class=\"wp-block-group alignfull has-global-padding is-layout-constrained wp-block-group-is-layout-constrained\" style=\"margin-top:0;margin-bottom:0;padding-top:var(--wp--preset--spacing--60);padding-bottom:var(--wp--preset--spacing--60)\">\n<div class=\"wp-block-columns alignwide is-layout-flex wp-container-core-columns-is-layout-28f84493 wp-block-columns-is-layout-flex\">\n<div class=\"wp-block-column is-layout-flow wp-block-column-is-layout-flow\">\n<h2 class=\"wp-block-heading\">&#8221;Skulle du vara intresserad av att f\u00f6rverkliga Sambafotbollen f\u00f6r barn och unga i en stadsdel? Eller kan bidra p\u00e5 n\u00e5got annat s\u00e4tt s\u00e5 \u00e4r du hj\u00e4rtligt v\u00e4lkommen att h\u00f6ra av dig.&#8221;<\/h2>\n<\/div>\n\n\n\n<div class=\"wp-block-column is-layout-flow wp-block-column-is-layout-flow\">\n<div class=\"wp-block-group is-layout-grid wp-container-core-group-is-layout-b757edec wp-block-group-is-layout-grid\">\n<figure class=\"wp-block-image size-full\"><img loading=\"lazy\" decoding=\"async\" width=\"1871\" height=\"1469\" src=\"https:\/\/ny.sambafa.se\/wp-content\/uploads\/2026\/04\/FKBrommaCampBrazil-slider.jpg\" alt=\"\" class=\"wp-image-188\" style=\"aspect-ratio:1;object-fit:cover\" srcset=\"https:\/\/sambafa.se\/wp-content\/uploads\/2026\/04\/FKBrommaCampBrazil-slider.jpg 1871w, https:\/\/sambafa.se\/wp-content\/uploads\/2026\/04\/FKBrommaCampBrazil-slider-300x236.jpg 300w, https:\/\/sambafa.se\/wp-content\/uploads\/2026\/04\/FKBrommaCampBrazil-slider-1024x804.jpg 1024w, https:\/\/sambafa.se\/wp-content\/uploads\/2026\/04\/FKBrommaCampBrazil-slider-768x603.jpg 768w, https:\/\/sambafa.se\/wp-content\/uploads\/2026\/04\/FKBrommaCampBrazil-slider-1536x1206.jpg 1536w\" sizes=\"auto, (max-width: 1871px) 100vw, 1871px\" \/><\/figure>\n\n\n\n<figure class=\"wp-block-image size-full\"><img loading=\"lazy\" decoding=\"async\" width=\"2292\" height=\"2560\" src=\"https:\/\/ny.sambafa.se\/wp-content\/uploads\/2026\/04\/Sambaspelare-bild-scaled.jpg\" alt=\"\" class=\"wp-image-189\" style=\"aspect-ratio:1;object-fit:cover\" srcset=\"https:\/\/sambafa.se\/wp-content\/uploads\/2026\/04\/Sambaspelare-bild-scaled.jpg 2292w, https:\/\/sambafa.se\/wp-content\/uploads\/2026\/04\/Sambaspelare-bild-269x300.jpg 269w, https:\/\/sambafa.se\/wp-content\/uploads\/2026\/04\/Sambaspelare-bild-917x1024.jpg 917w, https:\/\/sambafa.se\/wp-content\/uploads\/2026\/04\/Sambaspelare-bild-768x858.jpg 768w, https:\/\/sambafa.se\/wp-content\/uploads\/2026\/04\/Sambaspelare-bild-1375x1536.jpg 1375w, https:\/\/sambafa.se\/wp-content\/uploads\/2026\/04\/Sambaspelare-bild-1834x2048.jpg 1834w\" sizes=\"auto, (max-width: 2292px) 100vw, 2292px\" \/><\/figure>\n\n\n\n<figure class=\"wp-block-image size-full\"><img loading=\"lazy\" decoding=\"async\" width=\"1851\" height=\"1388\" src=\"https:\/\/ny.sambafa.se\/wp-content\/uploads\/2026\/04\/IMG-1208_v1.jpg\" alt=\"\" class=\"wp-image-190\" style=\"aspect-ratio:1;object-fit:cover\" srcset=\"https:\/\/sambafa.se\/wp-content\/uploads\/2026\/04\/IMG-1208_v1.jpg 1851w, https:\/\/sambafa.se\/wp-content\/uploads\/2026\/04\/IMG-1208_v1-300x225.jpg 300w, https:\/\/sambafa.se\/wp-content\/uploads\/2026\/04\/IMG-1208_v1-1024x768.jpg 1024w, https:\/\/sambafa.se\/wp-content\/uploads\/2026\/04\/IMG-1208_v1-768x576.jpg 768w, https:\/\/sambafa.se\/wp-content\/uploads\/2026\/04\/IMG-1208_v1-1536x1152.jpg 1536w\" sizes=\"auto, (max-width: 1851px) 100vw, 1851px\" \/><\/figure>\n\n\n\n<figure class=\"wp-block-image size-full\"><img loading=\"lazy\" decoding=\"async\" width=\"2016\" height=\"1512\" src=\"https:\/\/ny.sambafa.se\/wp-content\/uploads\/2026\/04\/Bild-Ragsved-Hedi-rotated.jpg\" alt=\"\" class=\"wp-image-191\" style=\"aspect-ratio:1;object-fit:cover\" srcset=\"https:\/\/sambafa.se\/wp-content\/uploads\/2026\/04\/Bild-Ragsved-Hedi-rotated.jpg 2016w, https:\/\/sambafa.se\/wp-content\/uploads\/2026\/04\/Bild-Ragsved-Hedi-300x225.jpg 300w, https:\/\/sambafa.se\/wp-content\/uploads\/2026\/04\/Bild-Ragsved-Hedi-1024x768.jpg 1024w, https:\/\/sambafa.se\/wp-content\/uploads\/2026\/04\/Bild-Ragsved-Hedi-768x576.jpg 768w, https:\/\/sambafa.se\/wp-content\/uploads\/2026\/04\/Bild-Ragsved-Hedi-1536x1152.jpg 1536w\" sizes=\"auto, (max-width: 2016px) 100vw, 2016px\" \/><\/figure>\n<\/div>\n<\/div>\n<\/div>\n<\/div>\n\n\n\n<div class=\"wp-block-group alignfull has-global-padding is-layout-constrained wp-block-group-is-layout-constrained\" style=\"margin-top:0;margin-bottom:0\">\n<div class=\"wp-block-group alignwide is-layout-flow wp-container-core-group-is-layout-d58a0413 wp-block-group-is-layout-flow\" style=\"padding-top:var(--wp--preset--spacing--50);padding-bottom:var(--wp--preset--spacing--50)\">\n<div class=\"wp-block-columns is-layout-flex wp-container-core-columns-is-layout-cbe57604 wp-block-columns-is-layout-flex\">\n<div class=\"wp-block-column is-layout-flow wp-block-column-is-layout-flow\">\n<div class=\"wp-block-group is-layout-flow wp-block-group-is-layout-flow\" style=\"border-top-color:var(--wp--preset--color--accent-6);border-top-width:1px;padding-top:var(--wp--preset--spacing--30);padding-bottom:var(--wp--preset--spacing--30)\">\n<h3 class=\"wp-block-heading\">Det vacka spelet<\/h3>\n\n\n\n<p>I Brasilien \u00e4r fotbollen f\u00f6rst och fr\u00e4mst en form av underh\u00e5llning. Viktigare \u00e4n resultatet \u00e4r hur man spelar. \u00c4nd\u00e5 har landet vunnit flest VM-titlar och producerat flest fotbollsstj\u00e4rnor! Brasilianska spelare s\u00e5 som Ronaldinho, Venicus, Pel\u00e9, Ronaldo, Neymar och Marta har inspirerat miljontals barn och ungdomar v\u00e4rlden \u00f6ver till b\u00e4ttre h\u00e4lsa, gl\u00e4dje och framg\u00e5ng.<\/p>\n\n\n\n<p>I Samba Football Academys tr\u00e4ningar \u00e4r resultatet sekund\u00e4rt. Det viktiga \u00e4r i st\u00e4llet att f\u00f6rs\u00f6ka spela och agera vackert \u201d Sambafotboll \u201d Denna h\u00e5llning bidrar till att sambafotbollen blir en h\u00e4lsosam och positiv&nbsp;m\u00f6tesplats f\u00f6r barn och unga. Det \u00e4r en med sunda v\u00e4rderingar d\u00e4r alla&nbsp;kan k\u00e4nna sig v\u00e4lkomna oavsett f\u00f6rkunskaper.<\/p>\n\n\n\n<p>Samba FA tror, att om sj\u00e4lva spelet och fotbollsgl\u00e4djen \u00e4r det prim\u00e4ra s\u00e5 skapas en mer kreativ och gl\u00e4djefull tr\u00e4ningsmilj\u00f6. Detta medf\u00f6r ett klarare fokus p\u00e5 sj\u00e4lva utf\u00f6randet och d\u00e4rmed en b\u00e4ttre spelarutveckling. &nbsp;P\u00e5 sikt kan detta ocks\u00e5 bidra till b\u00e5de fotbollsframg\u00e5ngar och vinster f\u00f6r den sociala gemenskapen.<\/p>\n<\/div>\n<\/div>\n\n\n\n<div class=\"wp-block-column is-layout-flow wp-block-column-is-layout-flow\">\n<div class=\"wp-block-group is-layout-flow wp-block-group-is-layout-flow\" style=\"border-top-color:var(--wp--preset--color--accent-6);border-top-width:1px;padding-top:var(--wp--preset--spacing--30);padding-bottom:var(--wp--preset--spacing--30)\">\n<h3 class=\"wp-block-heading\">Bakgrund<\/h3>\n\n\n\n<p>N\u00e4r Erik \u201d<strong>Samba-Erik\u201d<\/strong>&nbsp;Johansson var 17 \u00e5r gammal levde han under ett \u00e5r i&nbsp;<strong>Brasilien<\/strong>&nbsp;och spelade fotboll i den brasilianska klubben AC Bragantino. Det var en tid som p\u00e5verkade hans liv v\u00e4ldigt mycket. Med sig hem hade han med sig en evig k\u00e4rlek till landet Brasilien och det vackra brasilianska spelet \u201d<strong>Jogo Bonito<\/strong>\u201d.<\/p>\n\n\n\n<p>Tillbaka i Sverige debuterade Erik Johansson i \u00d6rgrytes A-lag som 18-\u00e5ring, Hans b\u00e4sta tid i \u00d6rgryte enligt honom sj\u00e4lv, var under tr\u00e4naren Erik Hamr\u00e9n, d\u00e5 han fick rollen som sl\u00e4pande forward bakom anfallsparet&nbsp;<strong>Marcus Allb\u00e4ck<\/strong>&nbsp;och&nbsp;<strong>Johan Elmander<\/strong>. Han blev snabbt k\u00e4nd f\u00f6r sitt offensiva spel med vackra dribblingar och passningar. Av denna spelstil f\u00f6ddes namnet&nbsp;<strong>Samba-Erik<\/strong>!<\/p>\n\n\n\n<p>2001 flyttade Samba-Erik till Malm\u00f6 f\u00f6r spel i Malm\u00f6 FF! Micke Andersson var tr\u00e4nare och i laget spelade en ung Zlatan Ibrahimovic som redan d\u00e5 var lagets stj\u00e4rna. Erik ser Zlatan som Sveriges b\u00e4sta fotbollsspelare genom tiderna och var en stor ambassad\u00f6r f\u00f6r den vackra fotbollen.<\/p>\n\n\n\n<p>Efter tre \u00e5r i Malm\u00f6 FF och tv\u00e5 i Hammarby avslutades tyv\u00e4rr Samba-Eriks karri\u00e4r efter ett benbrott i foten under en fotbollsmatch!&nbsp; Samba-Erik trivdes mycket med att spela i Hammarby.<\/p>\n\n\n\n<p>Samba-Erik startade redan 2003&nbsp;en&nbsp;<strong>sambafotbollskola<\/strong>&nbsp;i Malm\u00f6 med en v\u00e4n och ungdomstr\u00e4nare i MFF. Tillsammans arrangerade de tr\u00e4ningar i sambafotboll f\u00f6r barn och ungdomar i Roseng\u00e5rd. Det blev ett lyckat projekt som \u00e4ven visades p\u00e5&nbsp;<strong>Lilla Sportspegeln<\/strong>.<\/p>\n\n\n\n<p>N\u00e4r&nbsp;<strong>Samba-Eriks<\/strong>&nbsp;karri\u00e4r sedan tog slut i&nbsp;<strong>Hammarby<\/strong>&nbsp;ville Erik g\u00f6ra en insats f\u00f6r barn och ungdomar i samh\u00e4llet och det Erik kunde b\u00e4st var ju&nbsp;<strong>brasiliansk fotboll<\/strong>&nbsp;och dess filosofi. Detta ledde till att&nbsp;<strong>Samba-Erik<\/strong>&nbsp;med hj\u00e4lp av brasilianska elitspelare, tr\u00e4nare och socionomer skapade en ny och unik fotbolls\u2013 och v\u00e4rdegrundsutbildning. Vi kallar den&nbsp;<strong>Sambafotboll och Bonito Lifestyle<\/strong>.<\/p>\n\n\n\n<p>\u00c5r 2006 startade Erik&nbsp;<strong>Samba Football Academy<\/strong>&nbsp;(<strong>Samba FA<\/strong>) och \u00e5r 2008 grundade Erik den ideella f\u00f6reningen&nbsp;<strong>Samban FF<\/strong>&nbsp;med alla Sambafotbollens ledare med syftet att tillsammans kunna g\u00f6ra en \u00e4n st\u00f6rre samh\u00e4llsinsats f\u00f6r barn och unga.<\/p>\n\n\n\n<p>\u00c5r 2014 blev Erik utsedd till \u00e5rets idrottsf\u00f6rebild av antimobbningsorganisationen Friends f\u00f6r sitt arbete med Sambafotbollen f\u00f6r barn och unga i utsatta omr\u00e5den.<\/p>\n\n\n\n<p>Erik \u00e4lskar sitt arbete som verksamhetsledare i f\u00f6reningen Samban FF och han brinner f\u00f6r att l\u00e4ra ut&nbsp;<strong>Sambafotbollens fotbollsfilosofi<\/strong>&nbsp;och positiva budskap till barn och unga.<\/p>\n<\/div>\n<\/div>\n<\/div>\n<\/div>\n<\/div>\n\n\n\n<p><\/p>\n","protected":false},"excerpt":{"rendered":"<p>Vad vi g\u00f6r Samba Football Academy l\u00e4r ut den vackra brasilianska fotbollen \u201dSambafotboll\u201d tillsammans med v\u00e4rdegrundsutbildningen Bonito Lifestyle. V\u00e5rt koncept f\u00f6renar det b\u00e4sta ur brasiliansk fotboll och kultur med modern idrottspsykologi och spelarutvecklingsteori. En Sambaspelare har som ledord: Kreativ, klok, modig och omt\u00e4nksam. Vad vi g\u00f6r Samba Football Academy l\u00e4r ut den vackra brasilianska fotbollen [&hellip;]<\/p>\n","protected":false},"author":1,"featured_media":0,"parent":0,"menu_order":0,"comment_status":"closed","ping_status":"closed","template":"page-no-title","meta":{"footnotes":""},"class_list":["post-10","page","type-page","status-publish","hentry"],"_links":{"self":[{"href":"https:\/\/sambafa.se\/index.php?rest_route=\/wp\/v2\/pages\/10","targetHints":{"allow":["GET"]}}],"collection":[{"href":"https:\/\/sambafa.se\/index.php?rest_route=\/wp\/v2\/pages"}],"about":[{"href":"https:\/\/sambafa.se\/index.php?rest_route=\/wp\/v2\/types\/page"}],"author":[{"embeddable":true,"href":"https:\/\/sambafa.se\/index.php?rest_route=\/wp\/v2\/users\/1"}],"replies":[{"embeddable":true,"href":"https:\/\/sambafa.se\/index.php?rest_route=%2Fwp%2Fv2%2Fcomments&post=10"}],"version-history":[{"count":19,"href":"https:\/\/sambafa.se\/index.php?rest_route=\/wp\/v2\/pages\/10\/revisions"}],"predecessor-version":[{"id":270,"href":"https:\/\/sambafa.se\/index.php?rest_route=\/wp\/v2\/pages\/10\/revisions\/270"}],"wp:attachment":[{"href":"https:\/\/sambafa.se\/index.php?rest_route=%2Fwp%2Fv2%2Fmedia&parent=10"}],"curies":[{"name":"wp","href":"https:\/\/api.w.org\/{rel}","templated":true}]}}